{"id":129,"date":"2020-09-15T06:48:29","date_gmt":"2020-09-15T06:48:29","guid":{"rendered":"http:\/\/handcampers.com\/index.php\/about\/"},"modified":"2021-08-18T19:59:51","modified_gmt":"2021-08-18T19:59:51","slug":"about","status":"publish","type":"page","link":"https:\/\/handcampers.com\/index.php\/about\/","title":{"rendered":"About"},"content":{"rendered":"\n<div class=\"wp-block-cover alignfull has-background-dim\" style=\"background-color:#040219;min-height:550px;aspect-ratio:unset;\"><img loading=\"lazy\" decoding=\"async\" width=\"2000\" height=\"749\" class=\"wp-block-cover__image-background wp-image-62\" alt=\"\" src=\"http:\/\/handcampers.com\/wp-content\/uploads\/2020\/09\/about-bg-5.jpg\" data-object-fit=\"cover\" srcset=\"https:\/\/handcampers.com\/wp-content\/uploads\/2020\/09\/about-bg-5.jpg 2000w, https:\/\/handcampers.com\/wp-content\/uploads\/2020\/09\/about-bg-5-600x225.jpg 600w, https:\/\/handcampers.com\/wp-content\/uploads\/2020\/09\/about-bg-5-300x112.jpg 300w, https:\/\/handcampers.com\/wp-content\/uploads\/2020\/09\/about-bg-5-1024x383.jpg 1024w, https:\/\/handcampers.com\/wp-content\/uploads\/2020\/09\/about-bg-5-768x288.jpg 768w, https:\/\/handcampers.com\/wp-content\/uploads\/2020\/09\/about-bg-5-1536x575.jpg 1536w\" sizes=\"auto, (max-width: 2000px) 100vw, 2000px\" \/><div class=\"wp-block-cover__inner-container is-layout-flow wp-block-cover-is-layout-flow\">\n<h1 class=\"has-text-align-center has-white-color has-text-color wp-block-heading\">\u00bfQuienes somos?<\/h1>\n<\/div><\/div>\n\n\n\n<div class=\"wp-block-group alignfull has-white-background-color has-background\"><div class=\"wp-block-group__inner-container is-layout-flow wp-block-group-is-layout-flow\">\n<div class=\"wp-block-media-text has-media-on-the-right is-stacked-on-mobile is-vertically-aligned-center alignwide\" style=\"grid-template-columns:auto 44%\"><figure class=\"wp-block-media-text__media\"><img loading=\"lazy\" decoding=\"async\" width=\"768\" height=\"1024\" src=\"https:\/\/handcampers.com\/wp-content\/uploads\/2021\/08\/IMG20200606212446-768x1024.jpg\" alt=\"\" class=\"wp-image-184 size-full\" srcset=\"https:\/\/handcampers.com\/wp-content\/uploads\/2021\/08\/IMG20200606212446-768x1024.jpg 768w, https:\/\/handcampers.com\/wp-content\/uploads\/2021\/08\/IMG20200606212446-scaled-600x800.jpg 600w, https:\/\/handcampers.com\/wp-content\/uploads\/2021\/08\/IMG20200606212446-225x300.jpg 225w, https:\/\/handcampers.com\/wp-content\/uploads\/2021\/08\/IMG20200606212446-1152x1536.jpg 1152w, https:\/\/handcampers.com\/wp-content\/uploads\/2021\/08\/IMG20200606212446-1536x2048.jpg 1536w, https:\/\/handcampers.com\/wp-content\/uploads\/2021\/08\/IMG20200606212446-1320x1760.jpg 1320w, https:\/\/handcampers.com\/wp-content\/uploads\/2021\/08\/IMG20200606212446-scaled.jpg 1920w\" sizes=\"auto, (max-width: 768px) 100vw, 768px\" \/><\/figure><div class=\"wp-block-media-text__content\">\n<h2 class=\"wp-block-heading\">Nosotros<\/h2>\n\n\n\n<p><strong><em>Somos Ursu y Micky<\/em><\/strong>, empezamos de campistas con tienda de campa\u00f1a, con el coche hasta arriba \u00edbamos de viaje, de vacaciones, festivales&#8230; M\u00e1s adelante durante unos a\u00f1os (Los primeros en furgo)  vend\u00edamos en ferias, eventos y compagin\u00e1bamos los viajes con el  trabajo  en una Nissan Vanette del a\u00f1o 97, y en la actualidad somos furgoneteros de temporada, vacaciones y findes de semana<\/p>\n\n\n\n<p>Tenemos nuestra tercera furgoneta, y la primera camper completamente equipada por nosotros, homologada y legal en papeles como autocaravana.<\/p>\n<\/div><\/div>\n<\/div><\/div>\n\n\n\n<div class=\"wp-block-group alignfull has-white-background-color has-background\"><div class=\"wp-block-group__inner-container is-layout-flow wp-block-group-is-layout-flow\">\n<div class=\"wp-block-columns alignwide is-layout-flex wp-container-core-columns-is-layout-9d6595d7 wp-block-columns-is-layout-flex\">\n<div class=\"wp-block-column is-layout-flow wp-block-column-is-layout-flow\">\n<h4 class=\"wp-block-heading\"><\/h4>\n\n\n\n<p><\/p>\n\n\n\n<p><\/p>\n<\/div>\n\n\n\n<div class=\"wp-block-column is-layout-flow wp-block-column-is-layout-flow\">\n<h4 class=\"wp-block-heading\"><\/h4>\n\n\n\n<p><\/p>\n\n\n\n<p><\/p>\n<\/div>\n<\/div>\n<\/div><\/div>\n","protected":false},"excerpt":{"rendered":"<p>Nosotros Somos Ursu y Micky, empezamos de campistas con tienda de campa\u00f1a, con el coche hasta arriba \u00edbamos de viaje, de vacaciones, festivales&#8230; M\u00e1s adelante durante unos a\u00f1os (Los primeros en furgo) vend\u00edamos en ferias, eventos y compagin\u00e1bamos los viajes con el trabajo en una Nissan Vanette del a\u00f1o 97, y en la actualidad somos &hellip;<\/p>\n<p class=\"read-more\"> <a class=\"\" href=\"https:\/\/handcampers.com\/index.php\/about\/\"> <span class=\"screen-reader-text\">About<\/span> Leer m\u00e1s &raquo;<\/a><\/p>\n","protected":false},"author":1,"featured_media":0,"parent":0,"menu_order":0,"comment_status":"closed","ping_status":"closed","template":"","meta":{"om_disable_all_campaigns":false,"footnotes":""},"class_list":["post-129","page","type-page","status-publish","hentry"],"jetpack_sharing_enabled":true,"_links":{"self":[{"href":"https:\/\/handcampers.com\/index.php\/wp-json\/wp\/v2\/pages\/129","targetHints":{"allow":["GET"]}}],"collection":[{"href":"https:\/\/handcampers.com\/index.php\/wp-json\/wp\/v2\/pages"}],"about":[{"href":"https:\/\/handcampers.com\/index.php\/wp-json\/wp\/v2\/types\/page"}],"author":[{"embeddable":true,"href":"https:\/\/handcampers.com\/index.php\/wp-json\/wp\/v2\/users\/1"}],"replies":[{"embeddable":true,"href":"https:\/\/handcampers.com\/index.php\/wp-json\/wp\/v2\/comments?post=129"}],"version-history":[{"count":4,"href":"https:\/\/handcampers.com\/index.php\/wp-json\/wp\/v2\/pages\/129\/revisions"}],"predecessor-version":[{"id":193,"href":"https:\/\/handcampers.com\/index.php\/wp-json\/wp\/v2\/pages\/129\/revisions\/193"}],"wp:attachment":[{"href":"https:\/\/handcampers.com\/index.php\/wp-json\/wp\/v2\/media?parent=129"}],"curies":[{"name":"wp","href":"https:\/\/api.w.org\/{rel}","templated":true}]}}